{"id":8193,"date":"2023-07-29T18:11:24","date_gmt":"2023-07-29T16:11:24","guid":{"rendered":"https:\/\/lebomboline.com\/?page_id=8193"},"modified":"2024-03-28T14:40:03","modified_gmt":"2024-03-28T13:40:03","slug":"remboursement-et-retour","status":"publish","type":"page","link":"https:\/\/lebomboline.com\/?page_id=8193&lang=fr","title":{"rendered":"Remboursement et retour"},"content":{"rendered":"\t\t<div data-elementor-type=\"wp-page\" data-elementor-id=\"8193\" class=\"elementor elementor-8193\">\n\t\t\t\t\t\t\t<div class=\"elementor-element elementor-element-21e06066 e-con-full e-flex e-con e-parent\" data-id=\"21e06066\" data-element_type=\"container\" data-settings=\"{&quot;content_width&quot;:&quot;full&quot;,&quot;background_background&quot;:&quot;classic&quot;}\" data-core-v316-plus=\"true\">\n\t\t\t\t<div class=\"elementor-element elementor-element-4bcccbcb elementor-widget elementor-widget-heading\" data-id=\"4bcccbcb\" data-element_type=\"widget\" data-widget_type=\"heading.default\">\n\t\t\t\t<div class=\"elementor-widget-container\">\n\t\t\t<style>\/*! elementor - v3.18.0 - 08-12-2023 *\/\n.elementor-heading-title{padding:0;margin:0;line-height:1}.elementor-widget-heading .elementor-heading-title[class*=elementor-size-]>a{color:inherit;font-size:inherit;line-height:inherit}.elementor-widget-heading .elementor-heading-title.elementor-size-small{font-size:15px}.elementor-widget-heading .elementor-heading-title.elementor-size-medium{font-size:19px}.elementor-widget-heading .elementor-heading-title.elementor-size-large{font-size:29px}.elementor-widget-heading .elementor-heading-title.elementor-size-xl{font-size:39px}.elementor-widget-heading .elementor-heading-title.elementor-size-xxl{font-size:59px}<\/style><h2 class=\"elementor-heading-title elementor-size-default\">Politique de remboursement et de retour<\/h2>\t\t<\/div>\n\t\t\t\t<\/div>\n\t\t\t\t<\/div>\n\t\t\t\t<section class=\"elementor-section elementor-top-section elementor-element elementor-element-24027f85 elementor-section-boxed elementor-section-height-default elementor-section-height-default\" data-id=\"24027f85\" data-element_type=\"section\">\n\t\t\t\t\t\t<div class=\"elementor-container elementor-column-gap-default\">\n\t\t\t\t\t<div class=\"elementor-column elementor-col-100 elementor-top-column elementor-element elementor-element-3cb89aae\" data-id=\"3cb89aae\" data-element_type=\"column\">\n\t\t\t<div class=\"elementor-widget-wrap elementor-element-populated\">\n\t\t\t\t\t\t\t\t<div class=\"elementor-element elementor-element-29cce65 elementor-widget elementor-widget-text-editor\" data-id=\"29cce65\" data-element_type=\"widget\" data-widget_type=\"text-editor.default\">\n\t\t\t\t<div class=\"elementor-widget-container\">\n\t\t\t<style>\/*! elementor - v3.18.0 - 08-12-2023 *\/\n.elementor-widget-text-editor.elementor-drop-cap-view-stacked .elementor-drop-cap{background-color:#69727d;color:#fff}.elementor-widget-text-editor.elementor-drop-cap-view-framed .elementor-drop-cap{color:#69727d;border:3px solid;background-color:transparent}.elementor-widget-text-editor:not(.elementor-drop-cap-view-default) .elementor-drop-cap{margin-top:8px}.elementor-widget-text-editor:not(.elementor-drop-cap-view-default) .elementor-drop-cap-letter{width:1em;height:1em}.elementor-widget-text-editor .elementor-drop-cap{float:left;text-align:center;line-height:1;font-size:50px}.elementor-widget-text-editor .elementor-drop-cap-letter{display:inline-block}<\/style>\t\t\t\t<p><!-- wp:paragraph --><\/p><p style=\"text-align: center;\"><b><br \/>DROIT DE R\u00c9TRACTATION :<br \/><\/b><\/p><p>Le Bomboline souhaite offrir un service satisfaisant \u00e0 ses acheteurs, c&#8217;est pourquoi sa politique de retour vous permet de renvoyer l&#8217;article achet\u00e9.<\/p><p>\u00c0 partir du moment o\u00f9 vous recevez l&#8217;\u0153uvre, vous avez jusqu&#8217;\u00e0 7 jours pour d\u00e9cider de la garder ou de la renvoyer, avec un remboursement complet de la valeur d&#8217;achat.<br \/>Si vous rencontrez des probl\u00e8mes et que vous souhaitez retourner l&#8217;\u0153uvre, veuillez nous contacter par courrier \u00e9lectronique ou par t\u00e9l\u00e9phone.<\/p><p>Les retours sont autoris\u00e9s :<\/p><p>\u2022 Si l&#8217;\u0153uvre est diff\u00e9rente de celle s\u00e9lectionn\u00e9e ;<br \/>\u2022 Si le travail est d\u00e9fectueux.<\/p><p>\u00c0 partir du jour o\u00f9 vous nous contactez, vous disposez de trois jours ouvrables pour exp\u00e9dier l&#8217;\u0153uvre d&#8217;art dans son emballage d&#8217;origine, accompagn\u00e9e d&#8217;un certificat de garantie bien conserv\u00e9.<br \/>N&#8217;exp\u00e9diez pas l&#8217;\u0153uvre avant de nous avoir contact\u00e9s ; vous devez d&#8217;abord nous contacter.<\/p><p>Si vous ne communiquez pas votre intention de retourner le produit ou si vous n&#8217;exp\u00e9diez pas l&#8217;\u0153uvre dans les 3 jours suivant la communication, vous n&#8217;aurez pas droit \u00e0 un remboursement.<\/p><p>* Les produits fabriqu\u00e9s sur mesure ou clairement personnalis\u00e9s ne seront pas accept\u00e9s.<br \/>* Les produits achet\u00e9s doivent \u00eatre retourn\u00e9s dans leur emballage d&#8217;origine, complets dans toutes leurs parties, y compris la documentation et les accessoires fournis, en excellent \u00e9tat.<br \/>* L&#8217;emballage d&#8217;origine ne doit pas \u00eatre endommag\u00e9 ni porter d&#8217;inscriptions ou d&#8217;autres marques visibles.<br \/>* Les travaux endommag\u00e9s ne peuvent pas \u00eatre rembours\u00e9s.<br \/>* Le retour est GRATUIT pour l&#8217;Italie, pour les autres pays \u00e0 la charge du client.<br \/>Si un mode de livraison non conventionnel a \u00e9t\u00e9 choisi (par exemple, courrier express), les frais d&#8217;exp\u00e9dition ne seront pas rembours\u00e9s.<br \/>* Les remboursements seront effectu\u00e9s en utilisant le m\u00eame mode de paiement que celui choisi au moment de la commande, pour tout autre mode de paiement ou demande sp\u00e9ciale, veuillez nous contacter par e-mail ou par t\u00e9l\u00e9phone.<\/p><p><strong>POUR UN RETOUR EN TOUTE S\u00c9CURIT\u00c9 :<\/strong><\/p><p style=\"text-align: left;\">Il est conseill\u00e9 de conserver l&#8217;emballage d&#8217;origine dans une deuxi\u00e8me bo\u00eete et d&#8217;utiliser une protection ad\u00e9quate du produit, car tout dommage ou vol rel\u00e8ve de la responsabilit\u00e9 du client. Le droit de r\u00e9tractation ne sera pas accept\u00e9 si les parties int\u00e9grantes ou accessoires ou l&#8217;emballage d&#8217;origine sont endommag\u00e9s ou manquants. Dans ce cas, la marchandise sera renvoy\u00e9e \u00e0 l&#8217;exp\u00e9diteur et les frais d&#8217;envoi seront factur\u00e9s.<\/p><p><!-- \/wp:paragraph --><\/p>\t\t\t\t\t\t<\/div>\n\t\t\t\t<\/div>\n\t\t\t\t\t<\/div>\n\t\t<\/div>\n\t\t\t\t\t\t\t<\/div>\n\t\t<\/section>\n\t\t\t\t\t\t\t<\/div>\n\t\t","protected":false},"excerpt":{"rendered":"<p>Politique de remboursement et de retour DROIT DE R\u00c9TRACTATION : Le Bomboline souhaite offrir un service satisfaisant \u00e0 ses acheteurs, c&#8217;est pourquoi sa politique de retour vous permet de renvoyer l&#8217;article achet\u00e9. \u00c0 partir du moment o\u00f9 vous recevez l&#8217;\u0153uvre, vous avez jusqu&#8217;\u00e0 7 jours pour d\u00e9cider de la garder ou de la renvoyer, avec [&hellip;]<\/p>\n","protected":false},"author":1,"featured_media":0,"parent":0,"menu_order":0,"comment_status":"closed","ping_status":"closed","template":"","meta":{"footnotes":""},"class_list":["post-8193","page","type-page","status-publish","hentry"],"_links":{"self":[{"href":"https:\/\/lebomboline.com\/index.php?rest_route=\/wp\/v2\/pages\/8193","targetHints":{"allow":["GET"]}}],"collection":[{"href":"https:\/\/lebomboline.com\/index.php?rest_route=\/wp\/v2\/pages"}],"about":[{"href":"https:\/\/lebomboline.com\/index.php?rest_route=\/wp\/v2\/types\/page"}],"author":[{"embeddable":true,"href":"https:\/\/lebomboline.com\/index.php?rest_route=\/wp\/v2\/users\/1"}],"replies":[{"embeddable":true,"href":"https:\/\/lebomboline.com\/index.php?rest_route=%2Fwp%2Fv2%2Fcomments&post=8193"}],"version-history":[{"count":4,"href":"https:\/\/lebomboline.com\/index.php?rest_route=\/wp\/v2\/pages\/8193\/revisions"}],"predecessor-version":[{"id":8197,"href":"https:\/\/lebomboline.com\/index.php?rest_route=\/wp\/v2\/pages\/8193\/revisions\/8197"}],"wp:attachment":[{"href":"https:\/\/lebomboline.com\/index.php?rest_route=%2Fwp%2Fv2%2Fmedia&parent=8193"}],"curies":[{"name":"wp","href":"https:\/\/api.w.org\/{rel}","templated":true}]}}