{"id":8185,"date":"2023-07-29T18:26:47","date_gmt":"2023-07-29T16:26:47","guid":{"rendered":"https:\/\/lebomboline.com\/?page_id=8185"},"modified":"2024-07-28T16:12:33","modified_gmt":"2024-07-28T14:12:33","slug":"temps-et-couts-de-depannage","status":"publish","type":"page","link":"https:\/\/lebomboline.com\/?page_id=8185&lang=fr","title":{"rendered":"Temps et co\u00fbts de d\u00e9pannage"},"content":{"rendered":"\t\t<div data-elementor-type=\"wp-page\" data-elementor-id=\"8185\" class=\"elementor elementor-8185\">\n\t\t\t\t\t\t\t<div class=\"elementor-element elementor-element-24d515f7 e-con-full e-flex e-con e-parent\" data-id=\"24d515f7\" data-element_type=\"container\" data-settings=\"{&quot;content_width&quot;:&quot;full&quot;,&quot;background_background&quot;:&quot;classic&quot;}\" data-core-v316-plus=\"true\">\n\t\t\t\t<div class=\"elementor-element elementor-element-5089870 elementor-widget elementor-widget-heading\" data-id=\"5089870\" data-element_type=\"widget\" data-widget_type=\"heading.default\">\n\t\t\t\t<div class=\"elementor-widget-container\">\n\t\t\t<style>\/*! elementor - v3.18.0 - 08-12-2023 *\/\n.elementor-heading-title{padding:0;margin:0;line-height:1}.elementor-widget-heading .elementor-heading-title[class*=elementor-size-]>a{color:inherit;font-size:inherit;line-height:inherit}.elementor-widget-heading .elementor-heading-title.elementor-size-small{font-size:15px}.elementor-widget-heading .elementor-heading-title.elementor-size-medium{font-size:19px}.elementor-widget-heading .elementor-heading-title.elementor-size-large{font-size:29px}.elementor-widget-heading .elementor-heading-title.elementor-size-xl{font-size:39px}.elementor-widget-heading .elementor-heading-title.elementor-size-xxl{font-size:59px}<\/style><h2 class=\"elementor-heading-title elementor-size-default\">Temps et co\u00fbts de d\u00e9pannage<\/h2>\t\t<\/div>\n\t\t\t\t<\/div>\n\t\t\t\t<\/div>\n\t\t<div class=\"elementor-element elementor-element-753b646 e-flex e-con-boxed e-con e-parent\" data-id=\"753b646\" data-element_type=\"container\" data-settings=\"{&quot;content_width&quot;:&quot;boxed&quot;}\" data-core-v316-plus=\"true\">\n\t\t\t\t\t<div class=\"e-con-inner\">\n\t\t\t\t<div class=\"elementor-element elementor-element-957708c elementor-widget elementor-widget-text-editor\" data-id=\"957708c\" data-element_type=\"widget\" data-widget_type=\"text-editor.default\">\n\t\t\t\t<div class=\"elementor-widget-container\">\n\t\t\t<style>\/*! elementor - v3.18.0 - 08-12-2023 *\/\n.elementor-widget-text-editor.elementor-drop-cap-view-stacked .elementor-drop-cap{background-color:#69727d;color:#fff}.elementor-widget-text-editor.elementor-drop-cap-view-framed .elementor-drop-cap{color:#69727d;border:3px solid;background-color:transparent}.elementor-widget-text-editor:not(.elementor-drop-cap-view-default) .elementor-drop-cap{margin-top:8px}.elementor-widget-text-editor:not(.elementor-drop-cap-view-default) .elementor-drop-cap-letter{width:1em;height:1em}.elementor-widget-text-editor .elementor-drop-cap{float:left;text-align:center;line-height:1;font-size:50px}.elementor-widget-text-editor .elementor-drop-cap-letter{display:inline-block}<\/style>\t\t\t\t<p>Les commandes re\u00e7ues dans notre boutique en ligne Le Bomboline sont trait\u00e9es dans les 24-72 heures suivant la r\u00e9ception du paiement. Les d\u00e9lais et les frais d&#8217;exp\u00e9dition varient en fonction du produit choisi et du pays de destination.<\/p><p>Une fois le paiement effectu\u00e9, vous recevrez un e-mail contenant un r\u00e9capitulatif de votre commande, puis un e-mail du transporteur avec le suivi du colis.<\/p><p><strong>EXP\u00c9DITION:<\/strong><br \/>\u2022 <strong>Italie-<\/strong> gratuitement, dans un d\u00e9lai de 1 \u00e0 3 jours ouvrables.<br \/>\u2022 <strong>UE<\/strong>\u00a0<strong>&#8211;<\/strong>\u00a0les frais d&#8217;exp\u00e9dition s&#8217;appliquent. Le colis arrive entre 3 et 5 jours ouvrables pour toutes les destinations.<br \/>\u2022 <strong>Pays non membres de l&#8217;UE\u00a0&#8211;<\/strong> des frais de port seront appliqu\u00e9s, dans un d\u00e9lai de 1 \u00e0 4 semaines.<\/p><p>La TVA locale et les droits de douane \u00e9ventuels pour les envois de marchandises \u00e0 des clients r\u00e9sidant en dehors de la Communaut\u00e9 europ\u00e9enne (hors UE) seront factur\u00e9s au destinataire et seront demand\u00e9s par le transporteur lors de la livraison des marchandises. En cas de non-livraison due au refus des frais de douane (TVA locale et droits \u00e9ventuels) exig\u00e9s par le pays importateur, tous les frais que nous aurons engag\u00e9s pour renvoyer les marchandises seront d\u00e9duits du remboursement.<\/p><p><strong>ASSURANCE:\u00a0<\/strong>l&#8217;assurance est incluse dans les frais de port.<\/p><p><strong>CONSEILS UTILES :<\/strong><\/p><p>\u2022 Veuillez bien inspecter le colis \u00e0 l&#8217;arriv\u00e9e. Bomboline n&#8217;est pas responsable en cas de blessure ou de dommage.<br \/>Si le colis est endommag\u00e9 ou ouvert, ne l&#8217;acceptez pas et renvoyez-le.<br \/>Vous serez rembours\u00e9 dans les 30 jours ouvrables et pourrez proc\u00e9der \u00e0 l&#8217;achat d&#8217;un nouvel article.<\/p><p>\u2022 Nous vous conseillons de regrouper vos articles en une seule commande. Il n&#8217;est pas possible de combiner deux commandes pass\u00e9es s\u00e9par\u00e9ment, les frais de port seront donc factur\u00e9s pour chacune d&#8217;entre elles.<\/p><p>\u2022 Si vous avez besoin de quelque chose de tr\u00e8s rapide, envoyez-nous un message et nous verrons si nous pouvons vous aider !<\/p>\t\t\t\t\t\t<\/div>\n\t\t\t\t<\/div>\n\t\t\t\t\t<\/div>\n\t\t\t\t<\/div>\n\t\t\t\t\t\t\t<\/div>\n\t\t","protected":false},"excerpt":{"rendered":"<p>Temps et co\u00fbts de d\u00e9pannage Les commandes re\u00e7ues dans notre boutique en ligne Le Bomboline sont trait\u00e9es dans les 24-72 heures suivant la r\u00e9ception du paiement. Les d\u00e9lais et les frais d&#8217;exp\u00e9dition varient en fonction du produit choisi et du pays de destination. Une fois le paiement effectu\u00e9, vous recevrez un e-mail contenant un r\u00e9capitulatif [&hellip;]<\/p>\n","protected":false},"author":1,"featured_media":0,"parent":0,"menu_order":0,"comment_status":"closed","ping_status":"closed","template":"","meta":{"footnotes":""},"class_list":["post-8185","page","type-page","status-publish","hentry"],"_links":{"self":[{"href":"https:\/\/lebomboline.com\/index.php?rest_route=\/wp\/v2\/pages\/8185","targetHints":{"allow":["GET"]}}],"collection":[{"href":"https:\/\/lebomboline.com\/index.php?rest_route=\/wp\/v2\/pages"}],"about":[{"href":"https:\/\/lebomboline.com\/index.php?rest_route=\/wp\/v2\/types\/page"}],"author":[{"embeddable":true,"href":"https:\/\/lebomboline.com\/index.php?rest_route=\/wp\/v2\/users\/1"}],"replies":[{"embeddable":true,"href":"https:\/\/lebomboline.com\/index.php?rest_route=%2Fwp%2Fv2%2Fcomments&post=8185"}],"version-history":[{"count":10,"href":"https:\/\/lebomboline.com\/index.php?rest_route=\/wp\/v2\/pages\/8185\/revisions"}],"predecessor-version":[{"id":8456,"href":"https:\/\/lebomboline.com\/index.php?rest_route=\/wp\/v2\/pages\/8185\/revisions\/8456"}],"wp:attachment":[{"href":"https:\/\/lebomboline.com\/index.php?rest_route=%2Fwp%2Fv2%2Fmedia&parent=8185"}],"curies":[{"name":"wp","href":"https:\/\/api.w.org\/{rel}","templated":true}]}}