{"id":8179,"date":"2023-07-29T18:29:56","date_gmt":"2023-07-29T16:29:56","guid":{"rendered":"https:\/\/lebomboline.com\/?page_id=8179"},"modified":"2024-03-28T13:39:48","modified_gmt":"2024-03-28T12:39:48","slug":"modes-de-paiement","status":"publish","type":"page","link":"https:\/\/lebomboline.com\/?page_id=8179&lang=fr","title":{"rendered":"Modes de paiement"},"content":{"rendered":"\t\t<div data-elementor-type=\"wp-page\" data-elementor-id=\"8179\" class=\"elementor elementor-8179\">\n\t\t\t\t\t\t\t<div class=\"elementor-element elementor-element-58c0577a e-con-full e-flex e-con e-parent\" data-id=\"58c0577a\" data-element_type=\"container\" data-settings=\"{&quot;content_width&quot;:&quot;full&quot;,&quot;background_background&quot;:&quot;classic&quot;}\" data-core-v316-plus=\"true\">\n\t\t\t\t<div class=\"elementor-element elementor-element-5fca1cb4 elementor-widget elementor-widget-heading\" data-id=\"5fca1cb4\" data-element_type=\"widget\" data-widget_type=\"heading.default\">\n\t\t\t\t<div class=\"elementor-widget-container\">\n\t\t\t<style>\/*! elementor - v3.18.0 - 08-12-2023 *\/\n.elementor-heading-title{padding:0;margin:0;line-height:1}.elementor-widget-heading .elementor-heading-title[class*=elementor-size-]>a{color:inherit;font-size:inherit;line-height:inherit}.elementor-widget-heading .elementor-heading-title.elementor-size-small{font-size:15px}.elementor-widget-heading .elementor-heading-title.elementor-size-medium{font-size:19px}.elementor-widget-heading .elementor-heading-title.elementor-size-large{font-size:29px}.elementor-widget-heading .elementor-heading-title.elementor-size-xl{font-size:39px}.elementor-widget-heading .elementor-heading-title.elementor-size-xxl{font-size:59px}<\/style><h2 class=\"elementor-heading-title elementor-size-default\">Modes de paiement<\/h2>\t\t<\/div>\n\t\t\t\t<\/div>\n\t\t\t\t<\/div>\n\t\t<div class=\"elementor-element elementor-element-28f7a28 e-flex e-con-boxed e-con e-parent\" data-id=\"28f7a28\" data-element_type=\"container\" data-settings=\"{&quot;content_width&quot;:&quot;boxed&quot;}\" data-core-v316-plus=\"true\">\n\t\t\t\t\t<div class=\"e-con-inner\">\n\t\t\t\t<div class=\"elementor-element elementor-element-3a661bd elementor-widget elementor-widget-spacer\" data-id=\"3a661bd\" data-element_type=\"widget\" data-widget_type=\"spacer.default\">\n\t\t\t\t<div class=\"elementor-widget-container\">\n\t\t\t<style>\/*! elementor - v3.18.0 - 08-12-2023 *\/\n.elementor-column .elementor-spacer-inner{height:var(--spacer-size)}.e-con{--container-widget-width:100%}.e-con-inner>.elementor-widget-spacer,.e-con>.elementor-widget-spacer{width:var(--container-widget-width,var(--spacer-size));--align-self:var(--container-widget-align-self,initial);--flex-shrink:0}.e-con-inner>.elementor-widget-spacer>.elementor-widget-container,.e-con>.elementor-widget-spacer>.elementor-widget-container{height:100%;width:100%}.e-con-inner>.elementor-widget-spacer>.elementor-widget-container>.elementor-spacer,.e-con>.elementor-widget-spacer>.elementor-widget-container>.elementor-spacer{height:100%}.e-con-inner>.elementor-widget-spacer>.elementor-widget-container>.elementor-spacer>.elementor-spacer-inner,.e-con>.elementor-widget-spacer>.elementor-widget-container>.elementor-spacer>.elementor-spacer-inner{height:var(--container-widget-height,var(--spacer-size))}.e-con-inner>.elementor-widget-spacer.elementor-widget-empty,.e-con>.elementor-widget-spacer.elementor-widget-empty{position:relative;min-height:22px;min-width:22px}.e-con-inner>.elementor-widget-spacer.elementor-widget-empty .elementor-widget-empty-icon,.e-con>.elementor-widget-spacer.elementor-widget-empty .elementor-widget-empty-icon{position:absolute;top:0;bottom:0;left:0;right:0;margin:auto;padding:0;width:22px;height:22px}<\/style>\t\t<div class=\"elementor-spacer\">\n\t\t\t<div class=\"elementor-spacer-inner\"><\/div>\n\t\t<\/div>\n\t\t\t\t<\/div>\n\t\t\t\t<\/div>\n\t\t\t\t<div class=\"elementor-element elementor-element-f02a9e9 elementor-widget elementor-widget-text-editor\" data-id=\"f02a9e9\" data-element_type=\"widget\" data-widget_type=\"text-editor.default\">\n\t\t\t\t<div class=\"elementor-widget-container\">\n\t\t\t<style>\/*! elementor - v3.18.0 - 08-12-2023 *\/\n.elementor-widget-text-editor.elementor-drop-cap-view-stacked .elementor-drop-cap{background-color:#69727d;color:#fff}.elementor-widget-text-editor.elementor-drop-cap-view-framed .elementor-drop-cap{color:#69727d;border:3px solid;background-color:transparent}.elementor-widget-text-editor:not(.elementor-drop-cap-view-default) .elementor-drop-cap{margin-top:8px}.elementor-widget-text-editor:not(.elementor-drop-cap-view-default) .elementor-drop-cap-letter{width:1em;height:1em}.elementor-widget-text-editor .elementor-drop-cap{float:left;text-align:center;line-height:1;font-size:50px}.elementor-widget-text-editor .elementor-drop-cap-letter{display:inline-block}<\/style>\t\t\t\t<h3>Carte de cr\u00e9dit<\/h3><p>Les achats par carte de cr\u00e9dit sont parmi les plus rapides et les plus s\u00fbrs. Vos donn\u00e9es personnelles restent prot\u00e9g\u00e9es et nous ne recevons aucune information sur vous ou sur la carte de cr\u00e9dit utilis\u00e9e, seulement la confirmation du paiement. \u00c0 la fin de cette proc\u00e9dure, vous recevrez une notification de paiement et de r\u00e9ception de votre commande par courrier \u00e9lectronique.<\/p><ul><li><b>Circuits accept\u00e9s:<\/b> Visa &#8211; Visa Electron &#8211; Mastercard &#8211; Maestro &#8211; PostePay<\/li><li><b>Co\u00fbt de transaction:<\/b> gratuit<\/li><li><b>D\u00e9lai de cr\u00e9dit:<\/b> instantan\u00e9<\/li><\/ul><h3>Paypal<\/h3><p>Le service PayPal permet de r\u00e9gler les achats effectu\u00e9s via Internet, de mani\u00e8re totalement gratuite et s\u00e9curis\u00e9e. En choisissant ce mode de paiement, vous serez dirig\u00e9 vers la page appropri\u00e9e, o\u00f9 vous devrez introduire les donn\u00e9es de votre compte PayPal. (Si vous n&#8217;en avez pas, vous pouvez vous inscrire gratuitement ou effectuer le paiement directement).<br \/>A la fin de cette proc\u00e9dure, vous recevrez une notification de paiement et de r\u00e9ception de votre commande par e-mail.<\/p><ul><li><b>Co\u00fbt de transaction:<\/b> gratuit<\/li><li><b>D\u00e9lai de cr\u00e9dit:<\/b> instantan\u00e9<\/li><\/ul><h3>Virement bancaire<\/h3><p>Le paiement par virement bancaire peut \u00eatre effectu\u00e9 soit en ligne, soit en vous rendant \u00e0 votre banque. Les modalit\u00e9s de paiement seront communiqu\u00e9es dans l&#8217;e-mail de confirmation de la commande. La commande ne sera trait\u00e9e qu&#8217;apr\u00e8s v\u00e9rification du cr\u00e9dit sur notre compte bancaire.<\/p><p><strong>DONN\u00c9ES BANCAIRES<\/strong><\/p><p><b>Propri\u00e9taire:<\/b> Amalia Di Tecco<br \/><b>Banque:<\/b> Intesa San Paolo<br \/><b>IBAN:<\/b> IT35J0306977021100000005888\u00a0<br \/><b>SWIFT\/BIC:<\/b> BCITITMM<br \/><b>CAUSE: <\/b>il nome dell&#8217;opera &#8211; Le Bomboline (es.: Lemon Tree -Le Bomboline).<\/p><p>Le virement bancaire doit \u00eatre effectu\u00e9 au plus tard 5 jours ouvrables apr\u00e8s la commande. Pass\u00e9 ce d\u00e9lai, la commande sera automatiquement annul\u00e9e. La commande sera exp\u00e9di\u00e9e d\u00e8s r\u00e9ception de la date de valeur sur notre compte bancaire (d\u00e9lai moyen : 2-3 jours \u00e0 compter de la date d&#8217;ex\u00e9cution du virement).<\/p><ul><li><b>Co\u00fbt de transaction:<\/b> variable<\/li><li><b>D\u00e9lai de cr\u00e9dit:<\/b> 3-4 jours<\/li><\/ul><h3>Scalapay<\/h3><ul><li>Paiement en 3 fois sans int\u00e9r\u00eat.<\/li><li>Payez avec Visa, Mastercard, Amex, Postepay et les principales cartes pr\u00e9pay\u00e9es italiennes.<\/li><li>Cr\u00e9er un compte Scalapay en 2 minutes &#8211; L&#8217;inscription est gratuite et l&#8217;approbation est imm\u00e9diate.<\/li><li>Passez votre commande maintenant et divisez le montant en 3 mensualit\u00e9s pratiques, sans int\u00e9r\u00eat.<\/li><li>Scalapay est actif en : Italie, Belgique, Allemagne, Espagne, France, Pays-Bas, Autriche, Portugal, Finlande.<\/li><\/ul><p><strong>ATTENTION : le montant maximum pouvant \u00eatre pay\u00e9 en plusieurs fois pour chaque commande individuelle est de 1 000 \u20ac.<\/strong><\/p><ul><li>Si vous achetez avec Scalapay, vous recevez votre commande imm\u00e9diatement et vous payez en 3 fois. Vous reconnaissez que les paiements \u00e9chelonn\u00e9s seront c\u00e9d\u00e9s \u00e0 Incremento SPV S.r.l., aux parties li\u00e9es et \u00e0 leurs cessionnaires, et que vous autorisez cette cession.<\/li><\/ul><p><strong>Assistance<\/strong><br \/>En cas de probl\u00e8me avec la m\u00e9thode de financement, de retard de paiement, d&#8217;erreur lors de la cr\u00e9ation du compte, de changement de m\u00e9thode de paiement, veuillez contacter le service d&#8217;assistance de SCALAPAY : https:\/\/scalapay.zendesk.com\/hc\/it\/requests\/new\u00a0<\/p>\t\t\t\t\t\t<\/div>\n\t\t\t\t<\/div>\n\t\t\t\t\t<\/div>\n\t\t\t\t<\/div>\n\t\t\t\t\t\t\t<\/div>\n\t\t","protected":false},"excerpt":{"rendered":"<p>Modes de paiement Carte de cr\u00e9dit Les achats par carte de cr\u00e9dit sont parmi les plus rapides et les plus s\u00fbrs. Vos donn\u00e9es personnelles restent prot\u00e9g\u00e9es et nous ne recevons aucune information sur vous ou sur la carte de cr\u00e9dit utilis\u00e9e, seulement la confirmation du paiement. \u00c0 la fin de cette proc\u00e9dure, vous recevrez une [&hellip;]<\/p>\n","protected":false},"author":1,"featured_media":0,"parent":0,"menu_order":0,"comment_status":"closed","ping_status":"closed","template":"","meta":{"footnotes":""},"class_list":["post-8179","page","type-page","status-publish","hentry"],"_links":{"self":[{"href":"https:\/\/lebomboline.com\/index.php?rest_route=\/wp\/v2\/pages\/8179","targetHints":{"allow":["GET"]}}],"collection":[{"href":"https:\/\/lebomboline.com\/index.php?rest_route=\/wp\/v2\/pages"}],"about":[{"href":"https:\/\/lebomboline.com\/index.php?rest_route=\/wp\/v2\/types\/page"}],"author":[{"embeddable":true,"href":"https:\/\/lebomboline.com\/index.php?rest_route=\/wp\/v2\/users\/1"}],"replies":[{"embeddable":true,"href":"https:\/\/lebomboline.com\/index.php?rest_route=%2Fwp%2Fv2%2Fcomments&post=8179"}],"version-history":[{"count":4,"href":"https:\/\/lebomboline.com\/index.php?rest_route=\/wp\/v2\/pages\/8179\/revisions"}],"predecessor-version":[{"id":8183,"href":"https:\/\/lebomboline.com\/index.php?rest_route=\/wp\/v2\/pages\/8179\/revisions\/8183"}],"wp:attachment":[{"href":"https:\/\/lebomboline.com\/index.php?rest_route=%2Fwp%2Fv2%2Fmedia&parent=8179"}],"curies":[{"name":"wp","href":"https:\/\/api.w.org\/{rel}","templated":true}]}}