{"id":7955,"date":"2023-06-17T08:59:03","date_gmt":"2023-06-17T06:59:03","guid":{"rendered":"https:\/\/lebomboline.com\/?page_id=7955"},"modified":"2023-12-12T16:08:10","modified_gmt":"2023-12-12T15:08:10","slug":"nouvelles","status":"publish","type":"page","link":"https:\/\/lebomboline.com\/?page_id=7955&lang=fr","title":{"rendered":"Nouvelles"},"content":{"rendered":"\t\t<div data-elementor-type=\"wp-page\" data-elementor-id=\"7955\" class=\"elementor elementor-7955\">\n\t\t\t\t\t\t\t<div class=\"elementor-element elementor-element-7fe22071 e-con-full e-flex e-con e-parent\" data-id=\"7fe22071\" data-element_type=\"container\" data-settings=\"{&quot;content_width&quot;:&quot;full&quot;,&quot;background_background&quot;:&quot;classic&quot;,&quot;shape_divider_top&quot;:&quot;clouds&quot;,&quot;shape_divider_bottom&quot;:&quot;clouds&quot;,&quot;shape_divider_bottom_negative&quot;:&quot;yes&quot;}\" data-core-v316-plus=\"true\">\n\t\t\t\t<div class=\"elementor-shape elementor-shape-top\" data-negative=\"false\">\n\t\t\t<svg xmlns=\"http:\/\/www.w3.org\/2000\/svg\" viewBox=\"0 0 283.5 27.8\" preserveAspectRatio=\"xMidYMax slice\">\n  <path class=\"elementor-shape-fill\" d=\"M0 0v6.7c1.9-.8 4.7-1.4 8.5-1 9.5 1.1 11.1 6 11.1 6s2.1-.7 4.3-.2c2.1.5 2.8 2.6 2.8 2.6s.2-.5 1.4-.7c1.2-.2 1.7.2 1.7.2s0-2.1 1.9-2.8c1.9-.7 3.6.7 3.6.7s.7-2.9 3.1-4.1 4.7 0 4.7 0 1.2-.5 2.4 0 1.7 1.4 1.7 1.4h1.4c.7 0 1.2.7 1.2.7s.8-1.8 4-2.2c3.5-.4 5.3 2.4 6.2 4.4.4-.4 1-.7 1.8-.9 2.8-.7 4 .7 4 .7s1.7-5 11.1-6c9.5-1.1 12.3 3.9 12.3 3.9s1.2-4.8 5.7-5.7c4.5-.9 6.8 1.8 6.8 1.8s.6-.6 1.5-.9c.9-.2 1.9-.2 1.9-.2s5.2-6.4 12.6-3.3c7.3 3.1 4.7 9 4.7 9s1.9-.9 4 0 2.8 2.4 2.8 2.4 1.9-1.2 4.5-1.2 4.3 1.2 4.3 1.2.2-1 1.4-1.7 2.1-.7 2.1-.7-.5-3.1 2.1-5.5 5.7-1.4 5.7-1.4 1.5-2.3 4.2-1.1c2.7 1.2 1.7 5.2 1.7 5.2s.3-.1 1.3.5c.5.4.8.8.9 1.1.5-1.4 2.4-5.8 8.4-4 7.1 2.1 3.5 8.9 3.5 8.9s.8-.4 2 0 1.1 1.1 1.1 1.1 1.1-1.1 2.3-1.1 2.1.5 2.1.5 1.9-3.6 6.2-1.2 1.9 6.4 1.9 6.4 2.6-2.4 7.4 0c3.4 1.7 3.9 4.9 3.9 4.9s3.3-6.9 10.4-7.9 11.5 2.6 11.5 2.6.8 0 1.2.2c.4.2.9.9.9.9s4.4-3.1 8.3.2c1.9 1.7 1.5 5 1.5 5s.3-1.1 1.6-1.4c1.3-.3 2.3.2 2.3.2s-.1-1.2.5-1.9 1.9-.9 1.9-.9-4.7-9.3 4.4-13.4c5.6-2.5 9.2.9 9.2.9s5-6.2 15.9-6.2 16.1 8.1 16.1 8.1.7-.2 1.6-.4V0H0z\"\/>\n<\/svg>\n\t\t<\/div>\n\t\t\t\t<div class=\"elementor-shape elementor-shape-bottom\" data-negative=\"true\">\n\t\t\t<svg xmlns=\"http:\/\/www.w3.org\/2000\/svg\" viewBox=\"0 0 283.5 27.8\" preserveAspectRatio=\"xMidYMax slice\">\n\t<path class=\"elementor-shape-fill\" d=\"M265.8 3.5c-10.9 0-15.9 6.2-15.9 6.2s-3.6-3.5-9.2-.9c-9.1 4.1-4.4 13.4-4.4 13.4s-1.2.2-1.9.9c-.6.7-.5 1.9-.5 1.9s-1-.5-2.3-.2c-1.3.3-1.6 1.4-1.6 1.4s.4-3.4-1.5-5c-3.9-3.4-8.3-.2-8.3-.2s-.6-.7-.9-.9c-.4-.2-1.2-.2-1.2-.2s-4.4-3.6-11.5-2.6-10.4 7.9-10.4 7.9-.5-3.3-3.9-4.9c-4.8-2.4-7.4 0-7.4 0s2.4-4.1-1.9-6.4-6.2 1.2-6.2 1.2-.9-.5-2.1-.5-2.3 1.1-2.3 1.1.1-.7-1.1-1.1c-1.2-.4-2 0-2 0s3.6-6.8-3.5-8.9c-6-1.8-7.9 2.6-8.4 4-.1-.3-.4-.7-.9-1.1-1-.7-1.3-.5-1.3-.5s1-4-1.7-5.2c-2.7-1.2-4.2 1.1-4.2 1.1s-3.1-1-5.7 1.4-2.1 5.5-2.1 5.5-.9 0-2.1.7-1.4 1.7-1.4 1.7-1.7-1.2-4.3-1.2c-2.6 0-4.5 1.2-4.5 1.2s-.7-1.5-2.8-2.4c-2.1-.9-4 0-4 0s2.6-5.9-4.7-9c-7.3-3.1-12.6 3.3-12.6 3.3s-.9 0-1.9.2c-.9.2-1.5.9-1.5.9S99.4 3 94.9 3.9c-4.5.9-5.7 5.7-5.7 5.7s-2.8-5-12.3-3.9-11.1 6-11.1 6-1.2-1.4-4-.7c-.8.2-1.3.5-1.8.9-.9-2.1-2.7-4.9-6.2-4.4-3.2.4-4 2.2-4 2.2s-.5-.7-1.2-.7h-1.4s-.5-.9-1.7-1.4-2.4 0-2.4 0-2.4-1.2-4.7 0-3.1 4.1-3.1 4.1-1.7-1.4-3.6-.7c-1.9.7-1.9 2.8-1.9 2.8s-.5-.5-1.7-.2c-1.2.2-1.4.7-1.4.7s-.7-2.3-2.8-2.8c-2.1-.5-4.3.2-4.3.2s-1.7-5-11.1-6c-3.8-.4-6.6.2-8.5 1v21.2h283.5V11.1c-.9.2-1.6.4-1.6.4s-5.2-8-16.1-8z\"\/>\n<\/svg>\n\t\t<\/div>\n\t\t\t\t<div class=\"elementor-element elementor-element-56790f36 elementor-widget elementor-widget-heading\" data-id=\"56790f36\" data-element_type=\"widget\" data-widget_type=\"heading.default\">\n\t\t\t\t<div class=\"elementor-widget-container\">\n\t\t\t<style>\/*! elementor - v3.18.0 - 08-12-2023 *\/\n.elementor-heading-title{padding:0;margin:0;line-height:1}.elementor-widget-heading .elementor-heading-title[class*=elementor-size-]>a{color:inherit;font-size:inherit;line-height:inherit}.elementor-widget-heading .elementor-heading-title.elementor-size-small{font-size:15px}.elementor-widget-heading .elementor-heading-title.elementor-size-medium{font-size:19px}.elementor-widget-heading .elementor-heading-title.elementor-size-large{font-size:29px}.elementor-widget-heading .elementor-heading-title.elementor-size-xl{font-size:39px}.elementor-widget-heading .elementor-heading-title.elementor-size-xxl{font-size:59px}<\/style><h2 class=\"elementor-heading-title elementor-size-default\">Nouvelles<\/h2>\t\t<\/div>\n\t\t\t\t<\/div>\n\t\t\t\t<\/div>\n\t\t<div class=\"elementor-element elementor-element-272f5a5 e-flex e-con-boxed e-con e-parent\" data-id=\"272f5a5\" data-element_type=\"container\" data-settings=\"{&quot;content_width&quot;:&quot;boxed&quot;}\" data-core-v316-plus=\"true\">\n\t\t\t\t\t<div class=\"e-con-inner\">\n\t\t\t\t<div class=\"elementor-element elementor-element-0cd3153 elementor-widget elementor-widget-spacer\" data-id=\"0cd3153\" data-element_type=\"widget\" data-widget_type=\"spacer.default\">\n\t\t\t\t<div class=\"elementor-widget-container\">\n\t\t\t<style>\/*! elementor - v3.18.0 - 08-12-2023 *\/\n.elementor-column .elementor-spacer-inner{height:var(--spacer-size)}.e-con{--container-widget-width:100%}.e-con-inner>.elementor-widget-spacer,.e-con>.elementor-widget-spacer{width:var(--container-widget-width,var(--spacer-size));--align-self:var(--container-widget-align-self,initial);--flex-shrink:0}.e-con-inner>.elementor-widget-spacer>.elementor-widget-container,.e-con>.elementor-widget-spacer>.elementor-widget-container{height:100%;width:100%}.e-con-inner>.elementor-widget-spacer>.elementor-widget-container>.elementor-spacer,.e-con>.elementor-widget-spacer>.elementor-widget-container>.elementor-spacer{height:100%}.e-con-inner>.elementor-widget-spacer>.elementor-widget-container>.elementor-spacer>.elementor-spacer-inner,.e-con>.elementor-widget-spacer>.elementor-widget-container>.elementor-spacer>.elementor-spacer-inner{height:var(--container-widget-height,var(--spacer-size))}.e-con-inner>.elementor-widget-spacer.elementor-widget-empty,.e-con>.elementor-widget-spacer.elementor-widget-empty{position:relative;min-height:22px;min-width:22px}.e-con-inner>.elementor-widget-spacer.elementor-widget-empty .elementor-widget-empty-icon,.e-con>.elementor-widget-spacer.elementor-widget-empty .elementor-widget-empty-icon{position:absolute;top:0;bottom:0;left:0;right:0;margin:auto;padding:0;width:22px;height:22px}<\/style>\t\t<div class=\"elementor-spacer\">\n\t\t\t<div class=\"elementor-spacer-inner\"><\/div>\n\t\t<\/div>\n\t\t\t\t<\/div>\n\t\t\t\t<\/div>\n\t\t\t\t<div class=\"elementor-element elementor-element-9c1cb07 elementor-widget elementor-widget-heading\" data-id=\"9c1cb07\" data-element_type=\"widget\" data-widget_type=\"heading.default\">\n\t\t\t\t<div class=\"elementor-widget-container\">\n\t\t\t<h2 class=\"elementor-heading-title elementor-size-medium\">Le Bomboline gagnent la XX \u00e9dition de Blogs&Crafts Europe<\/h2>\t\t<\/div>\n\t\t\t\t<\/div>\n\t\t\t\t<div class=\"elementor-element elementor-element-ff37312 elementor-widget elementor-widget-image\" data-id=\"ff37312\" data-element_type=\"widget\" data-widget_type=\"image.default\">\n\t\t\t\t<div class=\"elementor-widget-container\">\n\t\t\t<style>\/*! elementor - v3.18.0 - 08-12-2023 *\/\n.elementor-widget-image{text-align:center}.elementor-widget-image a{display:inline-block}.elementor-widget-image a img[src$=\".svg\"]{width:48px}.elementor-widget-image img{vertical-align:middle;display:inline-block}<\/style>\t\t\t\t\t\t\t\t\t\t\t\t<img fetchpriority=\"high\" decoding=\"async\" width=\"980\" height=\"654\" src=\"https:\/\/lebomboline.com\/wp-content\/uploads\/2023\/08\/la-mostra-principe-1-1024x683.jpeg\" class=\"attachment-large size-large wp-image-7521\" alt=\"\" srcset=\"https:\/\/lebomboline.com\/wp-content\/uploads\/2023\/08\/la-mostra-principe-1-1024x683.jpeg 1024w, https:\/\/lebomboline.com\/wp-content\/uploads\/2023\/08\/la-mostra-principe-1-300x200.jpeg 300w, https:\/\/lebomboline.com\/wp-content\/uploads\/2023\/08\/la-mostra-principe-1-768x512.jpeg 768w, https:\/\/lebomboline.com\/wp-content\/uploads\/2023\/08\/la-mostra-principe-1-1536x1024.jpeg 1536w, https:\/\/lebomboline.com\/wp-content\/uploads\/2023\/08\/la-mostra-principe-1-900x600.jpeg 900w, https:\/\/lebomboline.com\/wp-content\/uploads\/2023\/08\/la-mostra-principe-1-1000x667.jpeg 1000w, https:\/\/lebomboline.com\/wp-content\/uploads\/2023\/08\/la-mostra-principe-1.jpeg 1920w\" sizes=\"(max-width: 980px) 100vw, 980px\" \/>\t\t\t\t\t\t\t\t\t\t\t\t\t\t\t<\/div>\n\t\t\t\t<\/div>\n\t\t\t\t<div class=\"elementor-element elementor-element-a77ce84 elementor-widget elementor-widget-text-editor\" data-id=\"a77ce84\" data-element_type=\"widget\" data-widget_type=\"text-editor.default\">\n\t\t\t\t<div class=\"elementor-widget-container\">\n\t\t\t<style>\/*! elementor - v3.18.0 - 08-12-2023 *\/\n.elementor-widget-text-editor.elementor-drop-cap-view-stacked .elementor-drop-cap{background-color:#69727d;color:#fff}.elementor-widget-text-editor.elementor-drop-cap-view-framed .elementor-drop-cap{color:#69727d;border:3px solid;background-color:transparent}.elementor-widget-text-editor:not(.elementor-drop-cap-view-default) .elementor-drop-cap{margin-top:8px}.elementor-widget-text-editor:not(.elementor-drop-cap-view-default) .elementor-drop-cap-letter{width:1em;height:1em}.elementor-widget-text-editor .elementor-drop-cap{float:left;text-align:center;line-height:1;font-size:50px}.elementor-widget-text-editor .elementor-drop-cap-letter{display:inline-block}<\/style>\t\t\t\t<h6 style=\"text-align: center;\"><span style=\"text-align: var(--text-align); background-color: var(--background);\">Le Bomboline fait partie des gagnant de la 20\u00e8me \u00e9dition de Blogs&amp;Crafts Europe, qui se sont d\u00e9marqu\u00e9s parmi plus de 180 candidatures re\u00e7ues de toute l&#8217;Europe.<\/span><\/h6><h6 style=\"text-align: center;\">Treize jeunes artisans &#8211; tous \u00e2g\u00e9s de moins de 35 ans &#8211; qui pourront exposer leurs cr\u00e9ations lors de la prochaine \u00e9dition d&#8217;Artigianato e Palazzo pr\u00e9vue \u00e0 Florence, dans le Jardin Corsini, du 15 au 17 septembre.<\/h6><p style=\"text-align: center;\"><strong>Lire l\u2019article (leggi l\u2019articolo): <\/strong><b><span style=\"color: #d49edc;\"><a style=\"color: #d49edc;\" href=\"https:\/\/www.intoscana.it\/it\/articolo\/artigianato-e-palazzo-apre-le-sue-porte-a-tredici-creativi-under-35\/\">https:\/\/www.intoscana.it\/it\/articolo\/artigianato-e-palazzo-apre-le-sue-porte-a-tredici-creativi-under-35\/<\/a><\/span><\/b><\/p><h4 style=\"text-align: center;\"><span style=\"color: #ba8ac2;\"><b>Artisanat et palais<\/b><\/span><\/h4><h4 style=\"text-align: center;\"><span style=\"font-size: 20px;\">rassemble et pr\u00e9sente chaque ann\u00e9e une nouvelle s\u00e9lection d&#8217;artisans et est r\u00e9alis\u00e9e par l&#8217;Association des Jardins Corsini dont Sabina Corsini est actuellement pr\u00e9sidente.<\/span><\/h4><h4 style=\"text-align: center;\"><strong style=\"text-align: var(--text-align); color: var( --e-global-color-text ); background-color: var(--background); font-family: var(--e-global-typography-text-font-family); font-size: 14px;\">Scopri di pi\u00f9:\u00a0<span style=\"color: #d49edc;\"><a style=\"color: #d49edc;\" href=\"https:\/\/www.artigianatoepalazzo.it\">https:\/\/www.artigianatoepalazzo.it<\/a><\/span><\/strong><\/h4><h6 style=\"text-align: center;\"><b>\u00a0<\/b><\/h6><h5 style=\"text-align: center;\"><b style=\"color: #ba8ac2;\"><br \/><\/b><b><\/b><\/h5>\t\t\t\t\t\t<\/div>\n\t\t\t\t<\/div>\n\t\t\t\t\t<\/div>\n\t\t\t\t<\/div>\n\t\t<div class=\"elementor-element elementor-element-a14e2a1 e-flex e-con-boxed e-con e-parent\" data-id=\"a14e2a1\" data-element_type=\"container\" data-settings=\"{&quot;shape_divider_top&quot;:&quot;clouds&quot;,&quot;background_background&quot;:&quot;gradient&quot;,&quot;content_width&quot;:&quot;boxed&quot;}\" data-core-v316-plus=\"true\">\n\t\t\t\t\t<div class=\"e-con-inner\">\n\t\t\t\t<div class=\"elementor-shape elementor-shape-top\" data-negative=\"false\">\n\t\t\t<svg xmlns=\"http:\/\/www.w3.org\/2000\/svg\" viewBox=\"0 0 283.5 27.8\" preserveAspectRatio=\"xMidYMax slice\">\n  <path class=\"elementor-shape-fill\" d=\"M0 0v6.7c1.9-.8 4.7-1.4 8.5-1 9.5 1.1 11.1 6 11.1 6s2.1-.7 4.3-.2c2.1.5 2.8 2.6 2.8 2.6s.2-.5 1.4-.7c1.2-.2 1.7.2 1.7.2s0-2.1 1.9-2.8c1.9-.7 3.6.7 3.6.7s.7-2.9 3.1-4.1 4.7 0 4.7 0 1.2-.5 2.4 0 1.7 1.4 1.7 1.4h1.4c.7 0 1.2.7 1.2.7s.8-1.8 4-2.2c3.5-.4 5.3 2.4 6.2 4.4.4-.4 1-.7 1.8-.9 2.8-.7 4 .7 4 .7s1.7-5 11.1-6c9.5-1.1 12.3 3.9 12.3 3.9s1.2-4.8 5.7-5.7c4.5-.9 6.8 1.8 6.8 1.8s.6-.6 1.5-.9c.9-.2 1.9-.2 1.9-.2s5.2-6.4 12.6-3.3c7.3 3.1 4.7 9 4.7 9s1.9-.9 4 0 2.8 2.4 2.8 2.4 1.9-1.2 4.5-1.2 4.3 1.2 4.3 1.2.2-1 1.4-1.7 2.1-.7 2.1-.7-.5-3.1 2.1-5.5 5.7-1.4 5.7-1.4 1.5-2.3 4.2-1.1c2.7 1.2 1.7 5.2 1.7 5.2s.3-.1 1.3.5c.5.4.8.8.9 1.1.5-1.4 2.4-5.8 8.4-4 7.1 2.1 3.5 8.9 3.5 8.9s.8-.4 2 0 1.1 1.1 1.1 1.1 1.1-1.1 2.3-1.1 2.1.5 2.1.5 1.9-3.6 6.2-1.2 1.9 6.4 1.9 6.4 2.6-2.4 7.4 0c3.4 1.7 3.9 4.9 3.9 4.9s3.3-6.9 10.4-7.9 11.5 2.6 11.5 2.6.8 0 1.2.2c.4.2.9.9.9.9s4.4-3.1 8.3.2c1.9 1.7 1.5 5 1.5 5s.3-1.1 1.6-1.4c1.3-.3 2.3.2 2.3.2s-.1-1.2.5-1.9 1.9-.9 1.9-.9-4.7-9.3 4.4-13.4c5.6-2.5 9.2.9 9.2.9s5-6.2 15.9-6.2 16.1 8.1 16.1 8.1.7-.2 1.6-.4V0H0z\"\/>\n<\/svg>\n\t\t<\/div>\n\t\t\t\t\t<\/div>\n\t\t\t\t<\/div>\n\t\t<div class=\"elementor-element elementor-element-469bc7a e-flex e-con-boxed e-con e-parent\" data-id=\"469bc7a\" data-element_type=\"container\" data-settings=\"{&quot;content_width&quot;:&quot;boxed&quot;}\" data-core-v316-plus=\"true\">\n\t\t\t\t\t<div class=\"e-con-inner\">\n\t\t\t\t<div class=\"elementor-element elementor-element-c365fed elementor-widget elementor-widget-heading\" data-id=\"c365fed\" data-element_type=\"widget\" data-widget_type=\"heading.default\">\n\t\t\t\t<div class=\"elementor-widget-container\">\n\t\t\t<h2 class=\"elementor-heading-title elementor-size-default\">Le Bomboline su Marie Claire Maison<\/h2>\t\t<\/div>\n\t\t\t\t<\/div>\n\t\t\t\t<div class=\"elementor-element elementor-element-94a3bcb elementor-widget elementor-widget-text-editor\" data-id=\"94a3bcb\" data-element_type=\"widget\" data-widget_type=\"text-editor.default\">\n\t\t\t\t<div class=\"elementor-widget-container\">\n\t\t\t\t\t\t\t<p>Settembre 2023.\u00a0Un articolo dedicato ai giovani artigiani, in occasione della mostra di Artigianato e Palazzo a Firenze.<\/p>\t\t\t\t\t\t<\/div>\n\t\t\t\t<\/div>\n\t\t\t\t\t<\/div>\n\t\t\t\t<\/div>\n\t\t<div class=\"elementor-element elementor-element-c89421a e-flex e-con-boxed e-con e-parent\" data-id=\"c89421a\" data-element_type=\"container\" data-settings=\"{&quot;content_width&quot;:&quot;boxed&quot;}\" data-core-v316-plus=\"true\">\n\t\t\t\t\t<div class=\"e-con-inner\">\n\t\t\t\t<div class=\"elementor-element elementor-element-ad88ea7 gallery-spacing-custom elementor-widget elementor-widget-image-gallery\" data-id=\"ad88ea7\" data-element_type=\"widget\" data-widget_type=\"image-gallery.default\">\n\t\t\t\t<div class=\"elementor-widget-container\">\n\t\t\t<style>.elementor-image-gallery .gallery-item{display:inline-block;text-align:center;vertical-align:top;width:100%;max-width:100%;margin:0 auto}.elementor-image-gallery .gallery-item img{margin:0 auto}.elementor-image-gallery .gallery-item .gallery-caption{margin:0}.elementor-image-gallery figure img{display:block}.elementor-image-gallery figure figcaption{width:100%}.gallery-spacing-custom .elementor-image-gallery .gallery-icon{padding:0}@media (min-width:768px){.elementor-image-gallery .gallery-columns-2 .gallery-item{max-width:50%}.elementor-image-gallery .gallery-columns-3 .gallery-item{max-width:33.33%}.elementor-image-gallery .gallery-columns-4 .gallery-item{max-width:25%}.elementor-image-gallery .gallery-columns-5 .gallery-item{max-width:20%}.elementor-image-gallery .gallery-columns-6 .gallery-item{max-width:16.666%}.elementor-image-gallery .gallery-columns-7 .gallery-item{max-width:14.28%}.elementor-image-gallery .gallery-columns-8 .gallery-item{max-width:12.5%}.elementor-image-gallery .gallery-columns-9 .gallery-item{max-width:11.11%}.elementor-image-gallery .gallery-columns-10 .gallery-item{max-width:10%}}@media (min-width:480px) and (max-width:767px){.elementor-image-gallery .gallery.gallery-columns-2 .gallery-item,.elementor-image-gallery .gallery.gallery-columns-3 .gallery-item,.elementor-image-gallery .gallery.gallery-columns-4 .gallery-item,.elementor-image-gallery .gallery.gallery-columns-5 .gallery-item,.elementor-image-gallery .gallery.gallery-columns-6 .gallery-item,.elementor-image-gallery .gallery.gallery-columns-7 .gallery-item,.elementor-image-gallery .gallery.gallery-columns-8 .gallery-item,.elementor-image-gallery .gallery.gallery-columns-9 .gallery-item,.elementor-image-gallery .gallery.gallery-columns-10 .gallery-item{max-width:50%}}@media (max-width:479px){.elementor-image-gallery .gallery.gallery-columns-2 .gallery-item,.elementor-image-gallery .gallery.gallery-columns-3 .gallery-item,.elementor-image-gallery .gallery.gallery-columns-4 .gallery-item,.elementor-image-gallery .gallery.gallery-columns-5 .gallery-item,.elementor-image-gallery .gallery.gallery-columns-6 .gallery-item,.elementor-image-gallery .gallery.gallery-columns-7 .gallery-item,.elementor-image-gallery .gallery.gallery-columns-8 .gallery-item,.elementor-image-gallery .gallery.gallery-columns-9 .gallery-item,.elementor-image-gallery .gallery.gallery-columns-10 .gallery-item{max-width:100%}}<\/style>\t\t<div class=\"elementor-image-gallery\">\n\t\t\t<div id='gallery-1' class='gallery galleryid-7955 gallery-columns-1 gallery-size-large'><figure class='gallery-item'>\n\t\t\t<div class='gallery-icon landscape'>\n\t\t\t\t<a data-elementor-open-lightbox=\"yes\" data-elementor-lightbox-slideshow=\"ad88ea7\" data-e-action-hash=\"#elementor-action%3Aaction%3Dlightbox%26settings%3DeyJpZCI6NzY3MiwidXJsIjoiaHR0cHM6XC9cL2xlYm9tYm9saW5lLmNvbVwvd3AtY29udGVudFwvdXBsb2Fkc1wvMjAyM1wvMTBcL01hcmlhQ2xhaXJlMy1jb3BpYS01LmpwZyIsInNsaWRlc2hvdyI6ImFkODhlYTcifQ%3D%3D\" href='https:\/\/lebomboline.com\/wp-content\/uploads\/2023\/10\/MariaClaire3-copia-5.jpg'><img decoding=\"async\" width=\"703\" height=\"591\" src=\"https:\/\/lebomboline.com\/wp-content\/uploads\/2023\/10\/MariaClaire3-copia-5.jpg\" class=\"attachment-large size-large\" alt=\"\" srcset=\"https:\/\/lebomboline.com\/wp-content\/uploads\/2023\/10\/MariaClaire3-copia-5.jpg 703w, https:\/\/lebomboline.com\/wp-content\/uploads\/2023\/10\/MariaClaire3-copia-5-300x252.jpg 300w\" sizes=\"(max-width: 703px) 100vw, 703px\" \/><\/a>\n\t\t\t<\/div><\/figure><figure class='gallery-item'>\n\t\t\t<div class='gallery-icon portrait'>\n\t\t\t\t<a data-elementor-open-lightbox=\"yes\" data-elementor-lightbox-slideshow=\"ad88ea7\" data-e-action-hash=\"#elementor-action%3Aaction%3Dlightbox%26settings%3DeyJpZCI6NzY3MywidXJsIjoiaHR0cHM6XC9cL2xlYm9tYm9saW5lLmNvbVwvd3AtY29udGVudFwvdXBsb2Fkc1wvMjAyM1wvMTBcL01hcmlhQ2xhaXJlMS03LmpwZyIsInNsaWRlc2hvdyI6ImFkODhlYTcifQ%3D%3D\" data-elementor-lightbox-title=\"Pagina 1\" href='https:\/\/lebomboline.com\/wp-content\/uploads\/2023\/10\/MariaClaire1-7.jpg'><img decoding=\"async\" width=\"736\" height=\"1024\" src=\"https:\/\/lebomboline.com\/wp-content\/uploads\/2023\/10\/MariaClaire1-7-736x1024.jpg\" class=\"attachment-large size-large\" alt=\"\" srcset=\"https:\/\/lebomboline.com\/wp-content\/uploads\/2023\/10\/MariaClaire1-7-736x1024.jpg 736w, https:\/\/lebomboline.com\/wp-content\/uploads\/2023\/10\/MariaClaire1-7-216x300.jpg 216w, https:\/\/lebomboline.com\/wp-content\/uploads\/2023\/10\/MariaClaire1-7-768x1068.jpg 768w, https:\/\/lebomboline.com\/wp-content\/uploads\/2023\/10\/MariaClaire1-7-900x1252.jpg 900w, https:\/\/lebomboline.com\/wp-content\/uploads\/2023\/10\/MariaClaire1-7-1000x1391.jpg 1000w, https:\/\/lebomboline.com\/wp-content\/uploads\/2023\/10\/MariaClaire1-7.jpg 1080w\" sizes=\"(max-width: 736px) 100vw, 736px\" \/><\/a>\n\t\t\t<\/div><\/figure><figure class='gallery-item'>\n\t\t\t<div class='gallery-icon portrait'>\n\t\t\t\t<a data-elementor-open-lightbox=\"yes\" data-elementor-lightbox-slideshow=\"ad88ea7\" data-e-action-hash=\"#elementor-action%3Aaction%3Dlightbox%26settings%3DeyJpZCI6NzY3NCwidXJsIjoiaHR0cHM6XC9cL2xlYm9tYm9saW5lLmNvbVwvd3AtY29udGVudFwvdXBsb2Fkc1wvMjAyM1wvMTBcL01hcmlhQ2xhaXJlMi02LmpwZyIsInNsaWRlc2hvdyI6ImFkODhlYTcifQ%3D%3D\" data-elementor-lightbox-title=\"Pagina 2\" href='https:\/\/lebomboline.com\/wp-content\/uploads\/2023\/10\/MariaClaire2-6.jpg'><img loading=\"lazy\" decoding=\"async\" width=\"736\" height=\"1024\" src=\"https:\/\/lebomboline.com\/wp-content\/uploads\/2023\/10\/MariaClaire2-6-736x1024.jpg\" class=\"attachment-large size-large\" alt=\"\" srcset=\"https:\/\/lebomboline.com\/wp-content\/uploads\/2023\/10\/MariaClaire2-6-736x1024.jpg 736w, https:\/\/lebomboline.com\/wp-content\/uploads\/2023\/10\/MariaClaire2-6-216x300.jpg 216w, https:\/\/lebomboline.com\/wp-content\/uploads\/2023\/10\/MariaClaire2-6-768x1068.jpg 768w, https:\/\/lebomboline.com\/wp-content\/uploads\/2023\/10\/MariaClaire2-6-900x1252.jpg 900w, https:\/\/lebomboline.com\/wp-content\/uploads\/2023\/10\/MariaClaire2-6-1000x1391.jpg 1000w, https:\/\/lebomboline.com\/wp-content\/uploads\/2023\/10\/MariaClaire2-6.jpg 1080w\" sizes=\"(max-width: 736px) 100vw, 736px\" \/><\/a>\n\t\t\t<\/div><\/figure><figure class='gallery-item'>\n\t\t\t<div class='gallery-icon portrait'>\n\t\t\t\t<a data-elementor-open-lightbox=\"yes\" data-elementor-lightbox-slideshow=\"ad88ea7\" data-e-action-hash=\"#elementor-action%3Aaction%3Dlightbox%26settings%3DeyJpZCI6NzY3NSwidXJsIjoiaHR0cHM6XC9cL2xlYm9tYm9saW5lLmNvbVwvd3AtY29udGVudFwvdXBsb2Fkc1wvMjAyM1wvMTBcL01hcmlhQ2xhaXJlMy03LmpwZyIsInNsaWRlc2hvdyI6ImFkODhlYTcifQ%3D%3D\" data-elementor-lightbox-title=\"Pagina 3\" href='https:\/\/lebomboline.com\/wp-content\/uploads\/2023\/10\/MariaClaire3-7.jpg'><img loading=\"lazy\" decoding=\"async\" width=\"736\" height=\"1024\" src=\"https:\/\/lebomboline.com\/wp-content\/uploads\/2023\/10\/MariaClaire3-7-736x1024.jpg\" class=\"attachment-large size-large\" alt=\"\" srcset=\"https:\/\/lebomboline.com\/wp-content\/uploads\/2023\/10\/MariaClaire3-7-736x1024.jpg 736w, https:\/\/lebomboline.com\/wp-content\/uploads\/2023\/10\/MariaClaire3-7-216x300.jpg 216w, https:\/\/lebomboline.com\/wp-content\/uploads\/2023\/10\/MariaClaire3-7-768x1068.jpg 768w, https:\/\/lebomboline.com\/wp-content\/uploads\/2023\/10\/MariaClaire3-7-900x1252.jpg 900w, https:\/\/lebomboline.com\/wp-content\/uploads\/2023\/10\/MariaClaire3-7-1000x1391.jpg 1000w, https:\/\/lebomboline.com\/wp-content\/uploads\/2023\/10\/MariaClaire3-7.jpg 1080w\" sizes=\"(max-width: 736px) 100vw, 736px\" \/><\/a>\n\t\t\t<\/div><\/figure>\n\t\t<\/div>\n\t\t<\/div>\n\t\t\t\t<\/div>\n\t\t\t\t<\/div>\n\t\t\t\t\t<\/div>\n\t\t\t\t<\/div>\n\t\t\t\t\t\t\t<\/div>\n\t\t","protected":false},"excerpt":{"rendered":"<p>Nouvelles Le Bomboline gagnent la XX \u00e9dition de Blogs&#038;Crafts Europe Le Bomboline fait partie des gagnant de la 20\u00e8me \u00e9dition de Blogs&amp;Crafts Europe, qui se sont d\u00e9marqu\u00e9s parmi plus de 180 candidatures re\u00e7ues de toute l&#8217;Europe. Treize jeunes artisans &#8211; tous \u00e2g\u00e9s de moins de 35 ans &#8211; qui pourront exposer leurs cr\u00e9ations lors de [&hellip;]<\/p>\n","protected":false},"author":1,"featured_media":0,"parent":0,"menu_order":0,"comment_status":"closed","ping_status":"closed","template":"","meta":{"footnotes":""},"class_list":["post-7955","page","type-page","status-publish","hentry"],"_links":{"self":[{"href":"https:\/\/lebomboline.com\/index.php?rest_route=\/wp\/v2\/pages\/7955","targetHints":{"allow":["GET"]}}],"collection":[{"href":"https:\/\/lebomboline.com\/index.php?rest_route=\/wp\/v2\/pages"}],"about":[{"href":"https:\/\/lebomboline.com\/index.php?rest_route=\/wp\/v2\/types\/page"}],"author":[{"embeddable":true,"href":"https:\/\/lebomboline.com\/index.php?rest_route=\/wp\/v2\/users\/1"}],"replies":[{"embeddable":true,"href":"https:\/\/lebomboline.com\/index.php?rest_route=%2Fwp%2Fv2%2Fcomments&post=7955"}],"version-history":[{"count":5,"href":"https:\/\/lebomboline.com\/index.php?rest_route=\/wp\/v2\/pages\/7955\/revisions"}],"predecessor-version":[{"id":7961,"href":"https:\/\/lebomboline.com\/index.php?rest_route=\/wp\/v2\/pages\/7955\/revisions\/7961"}],"wp:attachment":[{"href":"https:\/\/lebomboline.com\/index.php?rest_route=%2Fwp%2Fv2%2Fmedia&parent=7955"}],"curies":[{"name":"wp","href":"https:\/\/api.w.org\/{rel}","templated":true}]}}